{"id":7,"date":"2022-03-19T09:32:00","date_gmt":"2022-03-19T08:32:00","guid":{"rendered":"http:\/\/localhost:8888\/TirVirtuel\/?page_id=7"},"modified":"2022-04-03T01:38:54","modified_gmt":"2022-04-03T00:38:54","slug":"tir-virtuel","status":"publish","type":"page","link":"https:\/\/www.tirvirtuel.fr\/?page_id=7","title":{"rendered":"Tir Virtuel 68210"},"content":{"rendered":"\n<div class=\"wp-block-cover\"><span aria-hidden=\"true\" class=\"wp-block-cover__gradient-background has-background-dim\"><\/span><img loading=\"lazy\" decoding=\"async\" width=\"512\" height=\"512\" class=\"wp-block-cover__image-background wp-image-456\" alt=\"\" src=\"https:\/\/www.tirvirtuel.fr\/wp-content\/uploads\/2016\/07\/cropped-logo-Tir-Virtuel-1.png\" data-object-fit=\"cover\" srcset=\"https:\/\/www.tirvirtuel.fr\/wp-content\/uploads\/2016\/07\/cropped-logo-Tir-Virtuel-1.png 512w, https:\/\/www.tirvirtuel.fr\/wp-content\/uploads\/2016\/07\/cropped-logo-Tir-Virtuel-1-300x300.png 300w, https:\/\/www.tirvirtuel.fr\/wp-content\/uploads\/2016\/07\/cropped-logo-Tir-Virtuel-1-150x150.png 150w, https:\/\/www.tirvirtuel.fr\/wp-content\/uploads\/2016\/07\/cropped-logo-Tir-Virtuel-1-270x270.png 270w, https:\/\/www.tirvirtuel.fr\/wp-content\/uploads\/2016\/07\/cropped-logo-Tir-Virtuel-1-192x192.png 192w, https:\/\/www.tirvirtuel.fr\/wp-content\/uploads\/2016\/07\/cropped-logo-Tir-Virtuel-1-180x180.png 180w, https:\/\/www.tirvirtuel.fr\/wp-content\/uploads\/2016\/07\/cropped-logo-Tir-Virtuel-1-32x32.png 32w\" sizes=\"auto, (max-width: 512px) 100vw, 512px\" \/><div class=\"wp-block-cover__inner-container is-layout-flow wp-block-cover-is-layout-flow\">\n<p class=\"has-large-font-size\">&nbsp;<\/p>\n<\/div><\/div>\n\n\n\n<div class=\"wp-block-group\"><div class=\"wp-block-group__inner-container is-layout-flow wp-block-group-is-layout-flow\">\n<div class=\"wp-block-columns is-layout-flex wp-container-core-columns-is-layout-9d6595d7 wp-block-columns-is-layout-flex\">\n<div class=\"wp-block-column Tir virtuel Cyn&apos;Optir Armurerie Dannemarie has-black-color has-cyan-bluish-gray-background-color has-text-color has-background is-layout-flow wp-block-column-is-layout-flow\" style=\"flex-basis:100%\" id=\"tirvirtuel\">\n<div class=\"wp-block-cover\"><span aria-hidden=\"true\" class=\"wp-block-cover__gradient-background has-background-dim\"><\/span><img loading=\"lazy\" decoding=\"async\" width=\"512\" height=\"512\" class=\"wp-block-cover__image-background wp-image-467\" alt=\"Le simulateur de tir MARKSMAN ST-2 est un simulateur d\u2019entra\u00eenement au fusil et \u00e0 la carabine permettant d\u2019analyser et de corriger les probl\u00e8mes li\u00e9s au tir gr\u00e2ce aux ralentis, \u00e0 l\u2019arr\u00eat sur image et au mouvementTechnologie su\u00e9doise i Conservation (expert en balistique) est le premier simulateur de tir cr\u00e9\u00e9 sp\u00e9cialement pour des utilisateurs exigeants tels que les moniteurs de tir et les athl\u00e8tes olympiques.\" src=\"https:\/\/www.tirvirtuel.fr\/wp-content\/uploads\/2016\/07\/cropped-cropped-cerf.jpg\" data-object-fit=\"cover\" srcset=\"https:\/\/www.tirvirtuel.fr\/wp-content\/uploads\/2016\/07\/cropped-cropped-cerf.jpg 512w, https:\/\/www.tirvirtuel.fr\/wp-content\/uploads\/2016\/07\/cropped-cropped-cerf-300x300.jpg 300w, https:\/\/www.tirvirtuel.fr\/wp-content\/uploads\/2016\/07\/cropped-cropped-cerf-150x150.jpg 150w, https:\/\/www.tirvirtuel.fr\/wp-content\/uploads\/2016\/07\/cropped-cropped-cerf-270x270.jpg 270w, https:\/\/www.tirvirtuel.fr\/wp-content\/uploads\/2016\/07\/cropped-cropped-cerf-192x192.jpg 192w, https:\/\/www.tirvirtuel.fr\/wp-content\/uploads\/2016\/07\/cropped-cropped-cerf-180x180.jpg 180w, https:\/\/www.tirvirtuel.fr\/wp-content\/uploads\/2016\/07\/cropped-cropped-cerf-32x32.jpg 32w\" sizes=\"auto, (max-width: 512px) 100vw, 512px\" \/><div class=\"wp-block-cover__inner-container is-layout-flow wp-block-cover-is-layout-flow\">\n<p class=\"has-large-font-size\">&nbsp;<\/p>\n\n\n\n<pre class=\"wp-block-verse\"><\/pre>\n\n\n\n<!--more-->\n\n\n<ul class=\"wp-block-categories-list wp-block-categories\">\t<li class=\"cat-item cat-item-1\"><a href=\"https:\/\/www.tirvirtuel.fr\/?cat=1\">Non class\u00e9<\/a>\n<\/li>\n<\/ul>\n\n<div class=\"wp-block-calendar\"><table id=\"wp-calendar\" class=\"wp-calendar-table\">\n\t<caption>mai 2026<\/caption>\n\t<thead>\n\t<tr>\n\t\t<th scope=\"col\" aria-label=\"lundi\">L<\/th>\n\t\t<th scope=\"col\" aria-label=\"mardi\">M<\/th>\n\t\t<th scope=\"col\" aria-label=\"mercredi\">M<\/th>\n\t\t<th scope=\"col\" aria-label=\"jeudi\">J<\/th>\n\t\t<th scope=\"col\" aria-label=\"vendredi\">V<\/th>\n\t\t<th scope=\"col\" aria-label=\"samedi\">S<\/th>\n\t\t<th scope=\"col\" aria-label=\"dimanche\">D<\/th>\n\t<\/tr>\n\t<\/thead>\n\t<tbody>\n\t<tr>\n\t\t<td colspan=\"4\" class=\"pad\">&nbsp;<\/td><td>1<\/td><td>2<\/td><td>3<\/td>\n\t<\/tr>\n\t<tr>\n\t\t<td>4<\/td><td>5<\/td><td id=\"today\">6<\/td><td>7<\/td><td>8<\/td><td>9<\/td><td>10<\/td>\n\t<\/tr>\n\t<tr>\n\t\t<td>11<\/td><td>12<\/td><td>13<\/td><td>14<\/td><td>15<\/td><td>16<\/td><td>17<\/td>\n\t<\/tr>\n\t<tr>\n\t\t<td>18<\/td><td>19<\/td><td>20<\/td><td>21<\/td><td>22<\/td><td>23<\/td><td>24<\/td>\n\t<\/tr>\n\t<tr>\n\t\t<td>25<\/td><td>26<\/td><td>27<\/td><td>28<\/td><td>29<\/td><td>30<\/td><td>31<\/td>\n\t<\/tr>\n\t<\/tbody>\n\t<\/table><nav aria-label=\"Mois pr\u00e9c\u00e9dents et suivants\" class=\"wp-calendar-nav\">\n\t\t<span class=\"wp-calendar-nav-prev\"><a href=\"https:\/\/www.tirvirtuel.fr\/?m=202203\">&laquo; Mar<\/a><\/span>\n\t\t<span class=\"pad\">&nbsp;<\/span>\n\t\t<span class=\"wp-calendar-nav-next\">&nbsp;<\/span>\n\t<\/nav><\/div>\n\n\n<ul class=\"wp-block-social-links is-style-default is-layout-flex wp-block-social-links-is-layout-flex\"><\/ul>\n\n\n\n\n\n\n\n\n<div class=\"components-placeholder\"><div class=\"notice notice-error\">Une erreur s\u2019est produite, le flux est probablement indisponible. Veuillez r\u00e9essayer ult\u00e9rieurement.<\/div><\/div>\n\n\n<hr class=\"wp-block-separator\"\/>\n\n\n\n<div class=\"wp-block-buttons is-layout-flex wp-block-buttons-is-layout-flex\"><\/div>\n<\/div><\/div>\n<\/div>\n<\/div>\n<\/div><\/div>\n\n\n\n<figure class=\"wp-block-image size-large\"><img loading=\"lazy\" decoding=\"async\" width=\"1024\" height=\"576\" src=\"https:\/\/www.tirvirtuel.fr\/wp-content\/uploads\/2016\/07\/IMG_1702-1024x576.png\" alt=\"\" class=\"wp-image-236\" srcset=\"https:\/\/www.tirvirtuel.fr\/wp-content\/uploads\/2016\/07\/IMG_1702-1024x576.png 1024w, https:\/\/www.tirvirtuel.fr\/wp-content\/uploads\/2016\/07\/IMG_1702-300x169.png 300w, https:\/\/www.tirvirtuel.fr\/wp-content\/uploads\/2016\/07\/IMG_1702-768x432.png 768w, https:\/\/www.tirvirtuel.fr\/wp-content\/uploads\/2016\/07\/IMG_1702.png 1334w\" sizes=\"auto, (max-width: 1024px) 100vw, 1024px\" \/><\/figure>\n\n\n\n<figure class=\"wp-block-image size-large\"><img loading=\"lazy\" decoding=\"async\" width=\"1024\" height=\"683\" src=\"https:\/\/www.tirvirtuel.fr\/wp-content\/uploads\/2016\/07\/12121-1024x683.jpg\" alt=\"Chasseur &amp; Sanglier\" class=\"wp-image-31\" srcset=\"https:\/\/www.tirvirtuel.fr\/wp-content\/uploads\/2016\/07\/12121-1024x683.jpg 1024w, https:\/\/www.tirvirtuel.fr\/wp-content\/uploads\/2016\/07\/12121-300x200.jpg 300w, https:\/\/www.tirvirtuel.fr\/wp-content\/uploads\/2016\/07\/12121-768x512.jpg 768w\" sizes=\"auto, (max-width: 1024px) 100vw, 1024px\" \/><figcaption>Chasseur &amp; Sanglier<\/figcaption><\/figure>\n\n\n\n<figure class=\"wp-block-image size-large\"><img loading=\"lazy\" decoding=\"async\" width=\"1024\" height=\"576\" src=\"https:\/\/www.tirvirtuel.fr\/wp-content\/uploads\/2016\/07\/ecran-1024x576.jpg\" alt=\"ecran\" class=\"wp-image-197\" srcset=\"https:\/\/www.tirvirtuel.fr\/wp-content\/uploads\/2016\/07\/ecran-1024x576.jpg 1024w, https:\/\/www.tirvirtuel.fr\/wp-content\/uploads\/2016\/07\/ecran-300x169.jpg 300w, https:\/\/www.tirvirtuel.fr\/wp-content\/uploads\/2016\/07\/ecran-768x432.jpg 768w, https:\/\/www.tirvirtuel.fr\/wp-content\/uploads\/2016\/07\/ecran.jpg 1920w\" sizes=\"auto, (max-width: 1024px) 100vw, 1024px\" \/><figcaption>ecran<\/figcaption><\/figure>\n\n\n\n<ul class=\"wp-block-list\"><li>&nbsp;<\/li><\/ul>\n\n\n\n<figure class=\"wp-block-pullquote\"><blockquote><p>&nbsp;<\/p><\/blockquote><\/figure>\n\n\n\n<h2 class=\"wp-block-heading\"><\/h2>\n\n\n<h1 class=\"wp-block-site-title\"><a href=\"https:\/\/www.tirvirtuel.fr\" target=\"_self\" rel=\"home\">Armurerie \u00e0 Dannemarie Cyn&#039;optir<\/a><\/h1>\n\n\n<figure class=\"wp-block-gallery has-nested-images columns-default is-cropped wp-block-gallery-1 is-layout-flex wp-block-gallery-is-layout-flex\">\n<figure class=\"wp-block-image size-full\"><img loading=\"lazy\" decoding=\"async\" width=\"512\" height=\"512\" data-id=\"456\" src=\"https:\/\/www.tirvirtuel.fr\/wp-content\/uploads\/2016\/07\/cropped-logo-Tir-Virtuel-1.png\" alt=\"\" class=\"wp-image-456\" srcset=\"https:\/\/www.tirvirtuel.fr\/wp-content\/uploads\/2016\/07\/cropped-logo-Tir-Virtuel-1.png 512w, https:\/\/www.tirvirtuel.fr\/wp-content\/uploads\/2016\/07\/cropped-logo-Tir-Virtuel-1-300x300.png 300w, https:\/\/www.tirvirtuel.fr\/wp-content\/uploads\/2016\/07\/cropped-logo-Tir-Virtuel-1-150x150.png 150w, https:\/\/www.tirvirtuel.fr\/wp-content\/uploads\/2016\/07\/cropped-logo-Tir-Virtuel-1-270x270.png 270w, https:\/\/www.tirvirtuel.fr\/wp-content\/uploads\/2016\/07\/cropped-logo-Tir-Virtuel-1-192x192.png 192w, https:\/\/www.tirvirtuel.fr\/wp-content\/uploads\/2016\/07\/cropped-logo-Tir-Virtuel-1-180x180.png 180w, https:\/\/www.tirvirtuel.fr\/wp-content\/uploads\/2016\/07\/cropped-logo-Tir-Virtuel-1-32x32.png 32w\" sizes=\"auto, (max-width: 512px) 100vw, 512px\" \/><\/figure>\n<\/figure>\n\n\n\n<figure class=\"wp-block-image size-large\"><img loading=\"lazy\" decoding=\"async\" width=\"1024\" height=\"686\" src=\"https:\/\/www.tirvirtuel.fr\/wp-content\/uploads\/2016\/07\/cerf-1024x686.jpg\" alt=\"Cerf\" class=\"wp-image-193\" srcset=\"https:\/\/www.tirvirtuel.fr\/wp-content\/uploads\/2016\/07\/cerf-1024x686.jpg 1024w, https:\/\/www.tirvirtuel.fr\/wp-content\/uploads\/2016\/07\/cerf-300x201.jpg 300w, https:\/\/www.tirvirtuel.fr\/wp-content\/uploads\/2016\/07\/cerf-768x514.jpg 768w\" sizes=\"auto, (max-width: 1024px) 100vw, 1024px\" \/><figcaption>Cerf<\/figcaption><\/figure>\n\n\n\n<figure class=\"wp-block-image size-large\"><img loading=\"lazy\" decoding=\"async\" width=\"1024\" height=\"576\" src=\"https:\/\/www.tirvirtuel.fr\/wp-content\/uploads\/2016\/07\/IMG_1702-1024x576.png\" alt=\"\" class=\"wp-image-236\" srcset=\"https:\/\/www.tirvirtuel.fr\/wp-content\/uploads\/2016\/07\/IMG_1702-1024x576.png 1024w, https:\/\/www.tirvirtuel.fr\/wp-content\/uploads\/2016\/07\/IMG_1702-300x169.png 300w, https:\/\/www.tirvirtuel.fr\/wp-content\/uploads\/2016\/07\/IMG_1702-768x432.png 768w, https:\/\/www.tirvirtuel.fr\/wp-content\/uploads\/2016\/07\/IMG_1702.png 1334w\" sizes=\"auto, (max-width: 1024px) 100vw, 1024px\" \/><\/figure>\n\n\n\n<figure class=\"wp-block-image size-large\"><img loading=\"lazy\" decoding=\"async\" width=\"1024\" height=\"576\" src=\"https:\/\/www.tirvirtuel.fr\/wp-content\/uploads\/2016\/07\/ecran-1024x576.jpg\" alt=\"ecran\" class=\"wp-image-197\" srcset=\"https:\/\/www.tirvirtuel.fr\/wp-content\/uploads\/2016\/07\/ecran-1024x576.jpg 1024w, https:\/\/www.tirvirtuel.fr\/wp-content\/uploads\/2016\/07\/ecran-300x169.jpg 300w, https:\/\/www.tirvirtuel.fr\/wp-content\/uploads\/2016\/07\/ecran-768x432.jpg 768w, https:\/\/www.tirvirtuel.fr\/wp-content\/uploads\/2016\/07\/ecran.jpg 1920w\" sizes=\"auto, (max-width: 1024px) 100vw, 1024px\" \/><figcaption>ecran<\/figcaption><\/figure>\n\n\n\n<p><\/p>\n\n\n\n<div class=\"wp-block-contact-form-7-contact-form-selector\"><div role=\"form\" class=\"wpcf7\" id=\"wpcf7-f421-o1\" lang=\"fr-FR\" dir=\"ltr\">\n<div class=\"screen-reader-response\"><p role=\"status\" aria-live=\"polite\" aria-atomic=\"true\"><\/p> <ul><\/ul><\/div>\n<form action=\"\/index.php?rest_route=%2Fwp%2Fv2%2Fpages%2F7#wpcf7-f421-o1\" method=\"post\" class=\"wpcf7-form init\" novalidate=\"novalidate\" data-status=\"init\">\n<div style=\"display: none;\">\n<input type=\"hidden\" name=\"_wpcf7\" value=\"421\" \/>\n<input type=\"hidden\" name=\"_wpcf7_version\" value=\"5.6.1\" \/>\n<input type=\"hidden\" name=\"_wpcf7_locale\" value=\"fr_FR\" \/>\n<input type=\"hidden\" name=\"_wpcf7_unit_tag\" value=\"wpcf7-f421-o1\" \/>\n<input type=\"hidden\" name=\"_wpcf7_container_post\" value=\"0\" \/>\n<input type=\"hidden\" name=\"_wpcf7_posted_data_hash\" value=\"\" \/>\n<\/div>\n<p><label> Votre nom<br \/>\n    <span class=\"wpcf7-form-control-wrap\" data-name=\"your-name\"><input type=\"text\" name=\"your-name\" value=\"\" size=\"40\" class=\"wpcf7-form-control wpcf7-text wpcf7-validates-as-required\" aria-required=\"true\" aria-invalid=\"false\" \/><\/span> <\/label><\/p>\n<p><label> Votre e-mail<br \/>\n    <span class=\"wpcf7-form-control-wrap\" data-name=\"your-email\"><input type=\"email\" name=\"your-email\" value=\"\" size=\"40\" class=\"wpcf7-form-control wpcf7-text wpcf7-email wpcf7-validates-as-required wpcf7-validates-as-email\" aria-required=\"true\" aria-invalid=\"false\" \/><\/span> <\/label><\/p>\n<p><label> Objet<br \/>\n    <span class=\"wpcf7-form-control-wrap\" data-name=\"your-subject\"><input type=\"text\" name=\"your-subject\" value=\"\" size=\"40\" class=\"wpcf7-form-control wpcf7-text wpcf7-validates-as-required\" aria-required=\"true\" aria-invalid=\"false\" \/><\/span> <\/label><\/p>\n<p><label> Votre message (facultatif)<br \/>\n    <span class=\"wpcf7-form-control-wrap\" data-name=\"your-message\"><textarea name=\"your-message\" cols=\"40\" rows=\"10\" class=\"wpcf7-form-control wpcf7-textarea\" aria-invalid=\"false\"><\/textarea><\/span> <\/label><\/p>\n<p><input type=\"submit\" value=\"Envoyer\" class=\"wpcf7-form-control has-spinner wpcf7-submit\" \/><\/p>\n<p style=\"display: none !important;\"><label>&#916;<textarea name=\"_wpcf7_ak_hp_textarea\" cols=\"45\" rows=\"8\" maxlength=\"100\"><\/textarea><\/label><input type=\"hidden\" id=\"ak_js_1\" name=\"_wpcf7_ak_js\" value=\"171\"\/><script>document.getElementById( \"ak_js_1\" ).setAttribute( \"value\", ( new Date() ).getTime() );<\/script><\/p><div class=\"wpcf7-response-output\" aria-hidden=\"true\"><\/div><\/form><\/div><\/div>\n\n\n\n<p><\/p>\n","protected":false},"excerpt":{"rendered":"<p>&nbsp; &nbsp; &nbsp; &nbsp; &nbsp; &nbsp; &nbsp; &nbsp; &nbsp; &nbsp; &nbsp; &nbsp;<\/p>\n","protected":false},"author":1,"featured_media":0,"parent":0,"menu_order":0,"comment_status":"closed","ping_status":"closed","template":"index.php","meta":{"_acf_changed":false,"footnotes":""},"class_list":["post-7","page","type-page","status-publish","hentry"],"acf":[],"_links":{"self":[{"href":"https:\/\/www.tirvirtuel.fr\/index.php?rest_route=\/wp\/v2\/pages\/7","targetHints":{"allow":["GET"]}}],"collection":[{"href":"https:\/\/www.tirvirtuel.fr\/index.php?rest_route=\/wp\/v2\/pages"}],"about":[{"href":"https:\/\/www.tirvirtuel.fr\/index.php?rest_route=\/wp\/v2\/types\/page"}],"author":[{"embeddable":true,"href":"https:\/\/www.tirvirtuel.fr\/index.php?rest_route=\/wp\/v2\/users\/1"}],"replies":[{"embeddable":true,"href":"https:\/\/www.tirvirtuel.fr\/index.php?rest_route=%2Fwp%2Fv2%2Fcomments&post=7"}],"version-history":[{"count":176,"href":"https:\/\/www.tirvirtuel.fr\/index.php?rest_route=\/wp\/v2\/pages\/7\/revisions"}],"predecessor-version":[{"id":509,"href":"https:\/\/www.tirvirtuel.fr\/index.php?rest_route=\/wp\/v2\/pages\/7\/revisions\/509"}],"wp:attachment":[{"href":"https:\/\/www.tirvirtuel.fr\/index.php?rest_route=%2Fwp%2Fv2%2Fmedia&parent=7"}],"curies":[{"name":"wp","href":"https:\/\/api.w.org\/{rel}","templated":true}]}}